{"id":1154,"date":"2020-03-12T09:15:12","date_gmt":"2020-03-12T08:15:12","guid":{"rendered":"https:\/\/www.hoteldelamer-fr.com\/restaurant\/"},"modified":"2022-10-05T13:47:11","modified_gmt":"2022-10-05T11:47:11","slug":"the-restaurant","status":"publish","type":"page","link":"https:\/\/www.hoteldelamer-fr.com\/en\/the-restaurant\/","title":{"rendered":"Restaurant"},"content":{"rendered":"<p>[et_pb_section fb_built=&#8221;1&#8243; _builder_version=&#8221;4.16&#8243; background_image=&#8221;https:\/\/hoteldelamer.interfaceweb.fr\/wp-content\/uploads\/sites\/64\/2021\/06\/banner-restaurant-hotel-mer.jpg&#8221; background_position=&#8221;bottom_right&#8221; global_colors_info=&#8221;{}&#8221;][et_pb_row _builder_version=&#8221;4.16&#8243; global_colors_info=&#8221;{}&#8221;][et_pb_column type=&#8221;4_4&#8243; _builder_version=&#8221;4.16&#8243; global_colors_info=&#8221;{}&#8221;][et_pb_text _builder_version=&#8221;4.16&#8243; text_text_color=&#8221;#ffffff&#8221; text_font_size=&#8221;16px&#8221; header_font=&#8221;|600||on|||||&#8221; header_text_align=&#8221;center&#8221; header_text_color=&#8221;#ffffff&#8221; text_orientation=&#8221;center&#8221; text_text_shadow_style=&#8221;preset1&#8243; text_text_shadow_color=&#8221;rgba(0,0,0,0.2)&#8221; header_text_shadow_style=&#8221;preset1&#8243; header_text_shadow_color=&#8221;rgba(0,0,0,0.2)&#8221; global_colors_info=&#8221;{}&#8221;]<\/p>\n<h1>The restaurant<\/h1>\n<p>Gastronomy at the hotel by the sea[\/et_pb_text][\/et_pb_column][\/et_pb_row][\/et_pb_section][et_pb_section fb_built=&#8221;1&#8243; _builder_version=&#8221;4.16&#8243; global_colors_info=&#8221;{}&#8221;][et_pb_row column_structure=&#8221;1_2,1_2&#8243; _builder_version=&#8221;4.16&#8243; custom_padding=&#8221;0px||||false|false&#8221; global_colors_info=&#8221;{}&#8221;][et_pb_column type=&#8221;1_2&#8243; _builder_version=&#8221;4.16&#8243; global_colors_info=&#8221;{}&#8221;][et_pb_text _builder_version=&#8221;4.16&#8243; global_colors_info=&#8221;{}&#8221;]<\/p>\n<p><strong>Our restaurant is open all year round<\/strong>. You will discover a varied menu adapted to the seasons with our local products, fish, meat, seafood. Our chef will make you discover traditional food sprinkled with multiple seasonal flavors.<\/p>\n<p>We hope you will have a good time in our establishment and wish you a pleasant tasting.<\/p>\n<p><strong>We also inform you that the restaurant is closed on Thursday and Sunday evening as well as Friday all day from October to June. Open every day in July and August.<\/strong><\/p>\n<p><strong> Lunch service: 12 am to 2pm<\/strong><\/p>\n<p><strong>Evening service: 7pm to 8.30pm<\/strong><\/p>\n<p>[\/et_pb_text][\/et_pb_column][et_pb_column type=&#8221;1_2&#8243; _builder_version=&#8221;4.16&#8243; global_colors_info=&#8221;{}&#8221;][et_pb_image src=&#8221;https:\/\/hoteldelamer.interfaceweb.fr\/wp-content\/uploads\/sites\/64\/2021\/06\/restaurant-new-e1487348778307-scaled.jpg&#8221; title_text=&#8221;restaurant-new-e1487348778307&#8243; _builder_version=&#8221;4.16&#8243; _module_preset=&#8221;default&#8221; global_colors_info=&#8221;{}&#8221;][\/et_pb_image][\/et_pb_column][\/et_pb_row][\/et_pb_section][et_pb_section fb_built=&#8221;1&#8243; _builder_version=&#8221;4.16&#8243; background_color=&#8221;#5169b5&#8243; global_colors_info=&#8221;{}&#8221;][et_pb_row _builder_version=&#8221;4.16&#8243; width=&#8221;100%&#8221; custom_margin=&#8221;||||false|false&#8221; custom_padding=&#8221;0px||0px||false|false&#8221; global_colors_info=&#8221;{}&#8221;][et_pb_column type=&#8221;4_4&#8243; _builder_version=&#8221;4.16&#8243; global_colors_info=&#8221;{}&#8221;][et_pb_cta button_url=&#8221;http:\/\/vendee-resto.for-system.com\/f27586_fr-.aspx&#8221; button_text=&#8221;Book a table&#8221; _builder_version=&#8221;4.16&#8243; header_level=&#8221;h3&#8243; header_font=&#8221;|700|||||||&#8221; body_text_align=&#8221;center&#8221; button_alignment=&#8221;center&#8221; text_orientation=&#8221;left&#8221; custom_padding=&#8221;0px||0px||false|false&#8221; global_colors_info=&#8221;{}&#8221;]<\/p>\n<h3><strong>BOOK A TABLE IN OUR RESTAURANT IN A FEW CLICKS<\/strong><\/h3>\n<p>[\/et_pb_cta][\/et_pb_column][\/et_pb_row][\/et_pb_section][et_pb_section fb_built=&#8221;1&#8243; disabled_on=&#8221;off|off|off&#8221; _builder_version=&#8221;4.16&#8243; _module_preset=&#8221;default&#8221; background_color=&#8221;#f4f4f4&#8243; global_colors_info=&#8221;{}&#8221;][et_pb_row _builder_version=&#8221;4.16&#8243; _module_preset=&#8221;default&#8221; global_colors_info=&#8221;{}&#8221;][et_pb_column type=&#8221;4_4&#8243; _builder_version=&#8221;4.16&#8243; _module_preset=&#8221;default&#8221; global_colors_info=&#8221;{}&#8221;][et_pb_tabs _builder_version=&#8221;4.17.3&#8243; _module_preset=&#8221;default&#8221; global_colors_info=&#8221;{}&#8221;][et_pb_tab title=&#8221;Starters&#8221; _builder_version=&#8221;4.16&#8243; _module_preset=&#8221;default&#8221; global_colors_info=&#8221;{}&#8221;]<\/p>\n<div class=\"wprm_shortcode wprm_category_menu wprm_single_menu_item minimal\">\n\t\t\t\n\t\t\t\n\t\t\t\t<p class=\"wprm_category_description\"><\/p>\n\n\t\t\t\t\t\t\n\t\t\t<ul>\n\t\t\t\n\t\t\t\t\n    <li id=\"wprm-menu-item-1345\">\n                <div class=\"inner\">\n                        <div class=\"content\">\n                <div class=\"head\">\n                \t                    \t<p class=\"title\">Cr\u00e8me br\u00fbl\u00e9e with foie gras and gingerbread toast<\/p>\n                \t                \t                    \t<p class=\"price\">13\u20ac90<\/p>\n                \t                <\/div>\n                                \t<div class=\"description\"><\/div>\n            \t            <\/div>\n        <\/div>\n            <\/li>\n\n\t\t\t\n\t\t\t\t\n    <li id=\"wprm-menu-item-1237\">\n                <div class=\"inner\">\n                        <div class=\"content\">\n                <div class=\"head\">\n                \t                    \t<p class=\"title\">Perfect farm egg en meurette<\/p>\n                \t                \t                    \t<p class=\"price\">10\u20ac50<\/p>\n                \t                <\/div>\n                                \t<div class=\"description\"><\/div>\n            \t            <\/div>\n        <\/div>\n            <\/li>\n\n\t\t\t\n\t\t\t\t\n    <li id=\"wprm-menu-item-1236\">\n                <div class=\"inner\">\n                        <div class=\"content\">\n                <div class=\"head\">\n                \t                    \t<p class=\"title\">Raviole du dauphin\u00e9, cream with truffle essence<\/p>\n                \t                \t                    \t<p class=\"price\">11\u20ac90<\/p>\n                \t                <\/div>\n                                \t<div class=\"description\"><\/div>\n            \t            <\/div>\n        <\/div>\n            <\/li>\n\n\t\t\t\n\t\t\t\t\n    <li id=\"wprm-menu-item-1235\">\n                <div class=\"inner\">\n                        <div class=\"content\">\n                <div class=\"head\">\n                \t                    \t<p class=\"title\">Roasted marrow bone with fleur de sel and toast<\/p>\n                \t                \t                    \t<p class=\"price\">10\u20ac90<\/p>\n                \t                <\/div>\n                                \t<div class=\"description\"><\/div>\n            \t            <\/div>\n        <\/div>\n            <\/li>\n\n\t\t\t\n\t\t\t\t\n    <li id=\"wprm-menu-item-1232\">\n                <div class=\"inner\">\n                        <div class=\"content\">\n                <div class=\"head\">\n                \t                    \t<p class=\"title\">Cr\u00e8me br\u00fbl\u00e9e with foie gras and gingerbread toast<\/p>\n                \t                \t                    \t<p class=\"price\">13\u20ac90<\/p>\n                \t                <\/div>\n                                \t<div class=\"description\"><\/div>\n            \t            <\/div>\n        <\/div>\n            <\/li>\n\n\t\t\t\n\t\t\t\t\n    <li id=\"wprm-menu-item-1260\">\n                <div class=\"inner\">\n                        <div class=\"content\">\n                <div class=\"head\">\n                \t                    \t<p class=\"title\">12 oysters from the bay of l\u2019Aiguillon-sur-Mer n\u00b0 3<\/p>\n                \t                \t                    \t<p class=\"price\">19.00\u20ac<\/p>\n                \t                <\/div>\n                                \t<div class=\"description\"><\/div>\n            \t            <\/div>\n        <\/div>\n            <\/li>\n\n\t\t\t\n\t\t\t\t\n    <li id=\"wprm-menu-item-1259\">\n                <div class=\"inner\">\n                        <div class=\"content\">\n                <div class=\"head\">\n                \t                    \t<p class=\"title\">9 oysters from the bay of l\u2019Aiguillon-sur-Mer n\u00b0 3<\/p>\n                \t                \t                    \t<p class=\"price\">15.50\u20ac<\/p>\n                \t                <\/div>\n                                \t<div class=\"description\"><\/div>\n            \t            <\/div>\n        <\/div>\n            <\/li>\n\n\t\t\t\n\t\t\t\t\n    <li id=\"wprm-menu-item-1258\">\n                <div class=\"inner\">\n                        <div class=\"content\">\n                <div class=\"head\">\n                \t                    \t<p class=\"title\">6 oysters from the bay of l\u2019Aiguillon-sur-Mer n\u00b0 3<\/p>\n                \t                \t                    \t<p class=\"price\">12.00\u20ac<\/p>\n                \t                <\/div>\n                                \t<div class=\"description\"><\/div>\n            \t            <\/div>\n        <\/div>\n            <\/li>\n\n\t\t\t\t\t\t<\/ul>\n\n\t\t\t\n\t\t<\/div>\n<p>[\/et_pb_tab][et_pb_tab title=&#8221;Dishes&#8221; _builder_version=&#8221;4.16&#8243; _module_preset=&#8221;default&#8221; global_colors_info=&#8221;{}&#8221;]<\/p>\n<div class=\"wprm_shortcode wprm_category_menu wprm_single_menu_item minimal\">\n\t\t\t\n\t\t\t\n\t\t\t\t<p class=\"wprm_category_description\"><\/p>\n\n\t\t\t\t\t\t\n\t\t\t<ul>\n\t\t\t\n\t\t\t\t\n    <li id=\"wprm-menu-item-1340\">\n                <div class=\"inner\">\n                        <div class=\"content\">\n                <div class=\"head\">\n                \t                    \t<p class=\"title\">Butcher&#8217;s piece, pan-fried forestry, winegrower&#8217;s sauce<\/p>\n                \t                \t                    \t<p class=\"price\">15\u20ac90<\/p>\n                \t                <\/div>\n                                \t<div class=\"description\"><p><em>Marrow bone supplement 2\u20ac50<\/em><\/p>\n<\/div>\n            \t            <\/div>\n        <\/div>\n            <\/li>\n\n\t\t\t\n\t\t\t\t\n    <li id=\"wprm-menu-item-1238\">\n                <div class=\"inner\">\n                        <div class=\"content\">\n                <div class=\"head\">\n                \t                    \t<p class=\"title\">Return from fishing between land and sea, snaked bacon and poultry cream<\/p>\n                \t                \t                    \t<p class=\"price\">16\u20ac50<\/p>\n                \t                <\/div>\n                                \t<div class=\"description\"><\/div>\n            \t            <\/div>\n        <\/div>\n            <\/li>\n\n\t\t\t\n\t\t\t\t\n    <li id=\"wprm-menu-item-1239\">\n                <div class=\"inner\">\n                        <div class=\"content\">\n                <div class=\"head\">\n                \t                    \t<p class=\"title\">Cuttlefish with parsley<\/p>\n                \t                \t                    \t<p class=\"price\">15\u20ac50<\/p>\n                \t                <\/div>\n                                \t<div class=\"description\"><\/div>\n            \t            <\/div>\n        <\/div>\n            <\/li>\n\n\t\t\t\n\t\t\t\t\n    <li id=\"wprm-menu-item-1240\">\n                <div class=\"inner\">\n                        <div class=\"content\">\n                <div class=\"head\">\n                \t                    \t<p class=\"title\">Fillet of sea bass with citrus fruits<\/p>\n                \t                \t                    \t<p class=\"price\">17\u20ac90<\/p>\n                \t                <\/div>\n                                \t<div class=\"description\"><\/div>\n            \t            <\/div>\n        <\/div>\n            <\/li>\n\n\t\t\t\n\t\t\t\t\n    <li id=\"wprm-menu-item-1241\">\n                <div class=\"inner\">\n                        <div class=\"content\">\n                <div class=\"head\">\n                \t                    \t<p class=\"title\">Butcher&#8217;s piece, pan-fried forestry, winegrower&#8217;s sauce<\/p>\n                \t                \t                    \t<p class=\"price\">15\u20ac90<\/p>\n                \t                <\/div>\n                                \t<div class=\"description\"><\/div>\n            \t            <\/div>\n        <\/div>\n            <\/li>\n\n\t\t\t\n\t\t\t\t\n    <li id=\"wprm-menu-item-1242\">\n                <div class=\"inner\">\n                        <div class=\"content\">\n                <div class=\"head\">\n                \t                    \t<p class=\"title\">Savoyard burger, topped with a 180g minced steak, roasted bacon, roast beef and Reblochon cream<\/p>\n                \t                \t                    \t<p class=\"price\">15\u20ac90<\/p>\n                \t                <\/div>\n                                \t<div class=\"description\"><\/div>\n            \t            <\/div>\n        <\/div>\n            <\/li>\n\n\t\t\t\t\t\t<\/ul>\n\n\t\t\t\n\t\t<\/div>\n<p>[\/et_pb_tab][et_pb_tab title=&#8221;Cheeses and desserts&#8221; _builder_version=&#8221;4.16&#8243; _module_preset=&#8221;default&#8221; global_colors_info=&#8221;{}&#8221;]<\/p>\n<div class=\"wprm_shortcode wprm_category_menu wprm_single_menu_item minimal\">\n\t\t\t\n\t\t\t\t<h3 class=\"wprm_category_title\">Cheeses<\/h3>\n\n\t\t\t\n\t\t\t\n\t\t\t\t<p class=\"wprm_category_description\"><\/p>\n\n\t\t\t\t\t\t\n\t\t\t<ul>\n\t\t\t\n\t\t\t\t\n    <li id=\"wprm-menu-item-1257\">\n                <div class=\"inner\">\n                        <div class=\"content\">\n                <div class=\"head\">\n                \t                    \t<p class=\"title\">Cheese trilogy<\/p>\n                \t                \t                    \t<p class=\"price\">6.50\u20ac<\/p>\n                \t                <\/div>\n                                \t<div class=\"description\"><p>goat, camembert, blue<\/p>\n<\/div>\n            \t            <\/div>\n        <\/div>\n            <\/li>\n\n\t\t\t\t\t\t<\/ul>\n\n\t\t\t\n\t\t<\/div>\n<div class=\"wprm_shortcode wprm_category_menu wprm_single_menu_item minimal\">\n\t\t\t\n\t\t\t\t<h3 class=\"wprm_category_title\">Desserts<\/h3>\n\n\t\t\t\n\t\t\t\n\t\t\t\t<p class=\"wprm_category_description\"><\/p>\n\n\t\t\t\t\t\t\n\t\t\t<ul>\n\t\t\t\n\t\t\t\t\n    <li id=\"wprm-menu-item-1349\">\n                <div class=\"inner\">\n                        <div class=\"content\">\n                <div class=\"head\">\n                \t                    \t<p class=\"title\">Cream br\u00fbl\u00e9e with bourbon vanilla<\/p>\n                \t                \t                    \t<p class=\"price\">6\u20ac90<\/p>\n                \t                <\/div>\n                                \t<div class=\"description\"><\/div>\n            \t            <\/div>\n        <\/div>\n            <\/li>\n\n\t\t\t\n\t\t\t\t\n    <li id=\"wprm-menu-item-1335\">\n                <div class=\"inner\">\n                        <div class=\"content\">\n                <div class=\"head\">\n                \t                    \t<p class=\"title\">Cookie minute, caramel ice cream<\/p>\n                \t                \t                    \t<p class=\"price\">7\u20ac00<\/p>\n                \t                <\/div>\n                                \t<div class=\"description\"><p>Please, make your choice when ordering your meal<\/p>\n<\/div>\n            \t            <\/div>\n        <\/div>\n            <\/li>\n\n\t\t\t\n\t\t\t\t\n    <li id=\"wprm-menu-item-1250\">\n                <div class=\"inner\">\n                        <div class=\"content\">\n                <div class=\"head\">\n                \t                    \t<p class=\"title\">Pavlova with red fruits<\/p>\n                \t                \t                    \t<p class=\"price\">7\u20ac00<\/p>\n                \t                <\/div>\n                                \t<div class=\"description\"><\/div>\n            \t            <\/div>\n        <\/div>\n            <\/li>\n\n\t\t\t\n\t\t\t\t\n    <li id=\"wprm-menu-item-1251\">\n                <div class=\"inner\">\n                        <div class=\"content\">\n                <div class=\"head\">\n                \t                    \t<p class=\"title\">Cookie minute, caramel ice cream<\/p>\n                \t                \t                    \t<p class=\"price\">7.00\u20ac<\/p>\n                \t                <\/div>\n                                \t<div class=\"description\"><\/div>\n            \t            <\/div>\n        <\/div>\n            <\/li>\n\n\t\t\t\n\t\t\t\t\n    <li id=\"wprm-menu-item-1255\">\n                <div class=\"inner\">\n                        <div class=\"content\">\n                <div class=\"head\">\n                \t                    \t<p class=\"title\">Greedy coffee or tea<\/p>\n                \t                \t                    \t<p class=\"price\">9.50\u20ac<\/p>\n                \t                <\/div>\n                                \t<div class=\"description\"><\/div>\n            \t            <\/div>\n        <\/div>\n            <\/li>\n\n\t\t\t\n\t\t\t\t\n    <li id=\"wprm-menu-item-1256\">\n                <div class=\"inner\">\n                        <div class=\"content\">\n                <div class=\"head\">\n                \t                    \t<p class=\"title\">\u00cele flottante<\/p>\n                \t                \t                    \t<p class=\"price\">6.00\u20ac<\/p>\n                \t                <\/div>\n                                \t<div class=\"description\"><\/div>\n            \t            <\/div>\n        <\/div>\n            <\/li>\n\n\t\t\t\t\t\t<\/ul>\n\n\t\t\t\n\t\t<\/div>\n<div class=\"wprm_shortcode wprm_category_menu wprm_single_menu_item minimal\"><\/div>\n<p>[\/et_pb_tab][et_pb_tab title=&#8221;Menus&#8221; _builder_version=&#8221;4.16&#8243; _module_preset=&#8221;default&#8221; global_colors_info=&#8221;{}&#8221;]<\/p>\n<div class=\"wprm_shortcode wprm_category_menu wprm_single_menu_item minimal\">\n\t\t\t\n\t\t\t\n\t\t\t\t<p class=\"wprm_category_description\"><\/p>\n\n\t\t\t\t\t\t\n\t\t\t<ul>\n\t\t\t\n\t\t\t\t\n    <li id=\"wprm-menu-item-1354\">\n                <div class=\"inner\">\n                        <div class=\"content\">\n                <div class=\"head\">\n                \t                    \t<p class=\"title\">Burger menu<\/p>\n                \t                \t                    \t<p class=\"price\">15\u20ac90<\/p>\n                \t                <\/div>\n                                \t<div class=\"description\"><p>Savoyard burger, topped with a 180g minced steak, roasted bacon, rosty and reblochon cream<\/p>\n<p>******<\/p>\n<p>Fromage Blanc ( Caramel, Chocolate or Sugar )<br \/>\nWhite eat coconut<\/p>\n<\/div>\n            \t            <\/div>\n        <\/div>\n            <\/li>\n\n\t\t\t\n\t\t\t\t\n    <li id=\"wprm-menu-item-1263\">\n                <div class=\"inner\">\n                        <div class=\"content\">\n                <div class=\"head\">\n                \t                    \t<p class=\"title\">Pleasure formula<\/p>\n                \t                \t                    \t<p class=\"price\">\u00e0 partir de 20.90\u20ac<\/p>\n                \t                <\/div>\n                                \t<div class=\"description\"><p>Perfect farm egg en meurette or Raviole du dauphin\u00e9, cream with truffle essence or Roasted marrow bone with fleur de sel and toast<br \/>\n******<br \/>\nReturn of fishing between land and sea, snak\u00e9 bacon and poultry cream or Supreme of poultry, tarragon sauce or Butcher\u2019s piece, pan-fried forest meat, winegrower\u2019s sauce<br \/>\n******<br \/>\nPlate of 3 cheeses or Pavlova with red fruits or Cr\u00e8me brul\u00e9e with bourbon vanilla or 2 scoops of ice cream, choice of flavours<\/p>\n<p>Starter + Main course \/ Main course + Dessert 21.90<br \/>\nStarter + Main course + Dessert 27.90<\/p>\n<\/div>\n            \t            <\/div>\n        <\/div>\n            <\/li>\n\n\t\t\t\n\t\t\t\t\n    <li id=\"wprm-menu-item-1261\">\n                <div class=\"inner\">\n                        <div class=\"content\">\n                <div class=\"head\">\n                \t                    \t<p class=\"title\">Children\u2019s menu<\/p>\n                \t                \t                    \t<p class=\"price\">11.90\u20ac<\/p>\n                \t                <\/div>\n                                \t<div class=\"description\"><p><strong>Only for kids under 12 years<\/strong><\/p>\n<p>Chopped steak and chips or Fish and chips<br \/>\n&#8212;&#8212;&#8212;<br \/>\nSmall tub of ice cream : vanilla\/strawberry or vanilla\/chocolate<\/p>\n<\/div>\n            \t            <\/div>\n        <\/div>\n            <\/li>\n\n\t\t\t\n\t\t\t\t\n    <li id=\"wprm-menu-item-1262\">\n                <div class=\"inner\">\n                        <div class=\"content\">\n                <div class=\"head\">\n                \t                    \t<p class=\"title\">Formula of the day<\/p>\n                \t                \t                    \t<p class=\"price\">14.90\u20ac<\/p>\n                \t                <\/div>\n                                \t<div class=\"description\"><p><strong>(Lunch only, except Saturdays and public holidays)<\/strong><\/p>\n<p>Salad of gizzards or Charcuterie Plate or Starter of the day<br \/>\n******<br \/>\nFish of the day or Butcher&#8217;s piece, pepper sauce or Dish of the day<br \/>\n******<br \/>\nFloating island or Fruit salad or White eat coconut<\/p>\n<p>Starter + Main course + Dessert : 14.90\u20ac<\/p>\n<\/div>\n            \t            <\/div>\n        <\/div>\n            <\/li>\n\n\t\t\t\t\t\t<\/ul>\n\n\t\t\t\n\t\t<\/div>\n<p>[\/et_pb_tab][\/et_pb_tabs][\/et_pb_column][\/et_pb_row][\/et_pb_section]<\/p>\n","protected":false},"excerpt":{"rendered":"<p>[et_pb_section fb_built=&#8221;1&#8243; _builder_version=&#8221;4.16&#8243; background_image=&#8221;https:\/\/hoteldelamer.interfaceweb.fr\/wp-content\/uploads\/sites\/64\/2021\/06\/banner-restaurant-hotel-mer.jpg&#8221; background_position=&#8221;bottom_right&#8221; global_colors_info=&#8221;{}&#8221;][et_pb_row _builder_version=&#8221;4.16&#8243; global_colors_info=&#8221;{}&#8221;][et_pb_column type=&#8221;4_4&#8243; _builder_version=&#8221;4.16&#8243; global_colors_info=&#8221;{}&#8221;][et_pb_text _builder_version=&#8221;4.16&#8243; text_text_color=&#8221;#ffffff&#8221; text_font_size=&#8221;16px&#8221; header_font=&#8221;|600||on|||||&#8221; header_text_align=&#8221;center&#8221; header_text_color=&#8221;#ffffff&#8221; text_orientation=&#8221;center&#8221; text_text_shadow_style=&#8221;preset1&#8243; text_text_shadow_color=&#8221;rgba(0,0,0,0.2)&#8221; header_text_shadow_style=&#8221;preset1&#8243; header_text_shadow_color=&#8221;rgba(0,0,0,0.2)&#8221; global_colors_info=&#8221;{}&#8221;] The restaurant Gastronomy at the hotel by the sea[\/et_pb_text][\/et_pb_column][\/et_pb_row][\/et_pb_section][et_pb_section fb_built=&#8221;1&#8243; _builder_version=&#8221;4.16&#8243; global_colors_info=&#8221;{}&#8221;][et_pb_row column_structure=&#8221;1_2,1_2&#8243; _builder_version=&#8221;4.16&#8243; custom_padding=&#8221;0px||||false|false&#8221; global_colors_info=&#8221;{}&#8221;][et_pb_column type=&#8221;1_2&#8243; _builder_version=&#8221;4.16&#8243; global_colors_info=&#8221;{}&#8221;][et_pb_text _builder_version=&#8221;4.16&#8243; global_colors_info=&#8221;{}&#8221;] Our restaurant is open all year round. You will discover a [&hellip;]<\/p>\n","protected":false},"author":1,"featured_media":0,"parent":0,"menu_order":0,"comment_status":"closed","ping_status":"closed","template":"","meta":{"_acf_changed":false,"_et_pb_use_builder":"on","_et_pb_old_content":"","_et_gb_content_width":"","footnotes":""},"class_list":["post-1154","page","type-page","status-publish","hentry"],"acf":[],"_links":{"self":[{"href":"https:\/\/www.hoteldelamer-fr.com\/en\/wp-json\/wp\/v2\/pages\/1154","targetHints":{"allow":["GET"]}}],"collection":[{"href":"https:\/\/www.hoteldelamer-fr.com\/en\/wp-json\/wp\/v2\/pages"}],"about":[{"href":"https:\/\/www.hoteldelamer-fr.com\/en\/wp-json\/wp\/v2\/types\/page"}],"author":[{"embeddable":true,"href":"https:\/\/www.hoteldelamer-fr.com\/en\/wp-json\/wp\/v2\/users\/1"}],"replies":[{"embeddable":true,"href":"https:\/\/www.hoteldelamer-fr.com\/en\/wp-json\/wp\/v2\/comments?post=1154"}],"version-history":[{"count":0,"href":"https:\/\/www.hoteldelamer-fr.com\/en\/wp-json\/wp\/v2\/pages\/1154\/revisions"}],"wp:attachment":[{"href":"https:\/\/www.hoteldelamer-fr.com\/en\/wp-json\/wp\/v2\/media?parent=1154"}],"curies":[{"name":"wp","href":"https:\/\/api.w.org\/{rel}","templated":true}]}}