{"id":1128,"date":"2020-03-12T09:14:59","date_gmt":"2020-03-12T08:14:59","guid":{"rendered":"https:\/\/www.hoteldelamer-fr.com\/tourism-in-la-tranche-sur-mer\/"},"modified":"2022-05-17T09:11:10","modified_gmt":"2022-05-17T07:11:10","slug":"tourism-in-la-tranche-sur-mer","status":"publish","type":"page","link":"https:\/\/www.hoteldelamer-fr.com\/en\/tourism-in-la-tranche-sur-mer\/","title":{"rendered":"Tourism in La Tranche-sur-mer"},"content":{"rendered":"<p>[et_pb_section fb_built=&#8221;1&#8243; _builder_version=&#8221;4.9.4&#8243; background_image=&#8221;https:\/\/hoteldelamer.interfaceweb.fr\/wp-content\/uploads\/sites\/64\/2021\/06\/bg-hotel-vendee-2.jpg&#8221; background_position=&#8221;bottom_right&#8221;][et_pb_row _builder_version=&#8221;4.4.1&#8243;][et_pb_column type=&#8221;4_4&#8243; _builder_version=&#8221;4.4.1&#8243;][et_pb_text _builder_version=&#8221;4.9.4&#8243; text_text_color=&#8221;#ffffff&#8221; text_font_size=&#8221;16px&#8221; header_font=&#8221;|600||on|||||&#8221; header_text_align=&#8221;center&#8221; header_text_color=&#8221;#ffffff&#8221; text_orientation=&#8221;center&#8221;]<\/p>\n<h1>Welcome to Vend\u00e9e<\/h1>\n<p>La tranche sur Mer Is the Ideal city for a successful Holiday[\/et_pb_text][\/et_pb_column][\/et_pb_row][\/et_pb_section][et_pb_section fb_built=&#8221;1&#8243; _builder_version=&#8221;4.4.1&#8243;][et_pb_row column_structure=&#8221;2_5,3_5&#8243; _builder_version=&#8221;4.9.4&#8243; custom_padding=&#8221;0px||||false|false&#8221;][et_pb_column type=&#8221;2_5&#8243; _builder_version=&#8221;4.4.1&#8243;][et_pb_image src=&#8221;https:\/\/hoteldelamer.interfaceweb.fr\/wp-content\/uploads\/sites\/64\/2021\/06\/Fotolia_2020723_XS.jpg&#8221; title_text=&#8221;surfer doing an ariel&#8221; _builder_version=&#8221;4.9.4&#8243; _module_preset=&#8221;default&#8221; hover_enabled=&#8221;0&#8243; sticky_enabled=&#8221;0&#8243;][\/et_pb_image][\/et_pb_column][et_pb_column type=&#8221;3_5&#8243; _builder_version=&#8221;4.4.1&#8243;][et_pb_text _builder_version=&#8221;4.9.4&#8243; text_font_size=&#8221;16px&#8221; background_enable_color=&#8221;off&#8221; custom_padding=&#8221;|||20px|false|false&#8221; border_width_left=&#8221;4px&#8221; border_color_left=&#8221;#0C71C3&#8243;]Seaside resort on the C\u00f4te de Lumi\u00e8re, opposite the Ile de R\u00e9, La Tranche-sur-Mer offers 13 km of fine sandy beaches. It has been awarded the European Blue Flag every year since 2002.[\/et_pb_text][et_pb_text ul_position=&#8221;inside&#8221; _builder_version=&#8221;4.9.4&#8243;]<\/p>\n<ul>\n<li>An aquatic center<\/li>\n<li>5 surfs spots allowing beginners and more experienced alike to indulge in the pleasure of skiing. One of the most popular surf spots is La Terri\u00e8re Beach.<\/li>\n<li>a 6-hectare body of water for learning to sail<\/li>\n<li>a nautical center with a rinsing area for equipment<\/li>\n<li>launching equipment such as a \u201ctiralo\u201d and a \u201cseahorse\u201d for people with reduced mobility<\/li>\n<li>mooring areas (430 moorings including 39 equipped (passage by the day))<\/li>\n<li>Fishing on foot and at sea.<\/li>\n<\/ul>\n<p>[\/et_pb_text][\/et_pb_column][\/et_pb_row][\/et_pb_section][et_pb_section fb_built=&#8221;1&#8243; _builder_version=&#8221;4.9.4&#8243; background_color=&#8221;#f9f9f9&#8243;][et_pb_row column_structure=&#8221;3_5,2_5&#8243; _builder_version=&#8221;4.9.4&#8243; custom_padding=&#8221;0px||||false|false&#8221;][et_pb_column type=&#8221;3_5&#8243; _builder_version=&#8221;4.4.1&#8243;][et_pb_text _builder_version=&#8221;4.9.4&#8243; text_font_size=&#8221;16px&#8221; background_enable_color=&#8221;off&#8221; custom_padding=&#8221;|||20px|false|false&#8221; border_width_left=&#8221;4px&#8221; border_color_left=&#8221;#0C71C3&#8243;]Labelled station kid and family plus, family will enjoy the beach, cycle paths and activities for children throughout the summer.[\/et_pb_text][et_pb_text ul_type=&#8221;none&#8221; ul_position=&#8221;inside&#8221; _builder_version=&#8221;4.9.4&#8243; ul_font=&#8221;||||||||&#8221;]<\/p>\n<ul>\n<li><strong>Welcome<\/strong><br \/>Outdoor center, beach clubs, playgrounds and picnics areas<\/li>\n<li><strong>Entertainment<\/strong><br \/>Amusement parc, aquatic center, water sports school and a nautical center for children, a small tourist train, a cinema, a library, a mini golf.<\/li>\n<\/ul>\n<p>[\/et_pb_text][\/et_pb_column][et_pb_column type=&#8221;2_5&#8243; _builder_version=&#8221;4.4.1&#8243;][et_pb_image src=&#8221;https:\/\/hoteldelamer.interfaceweb.fr\/wp-content\/uploads\/sites\/64\/2021\/06\/Fotolia_2576327_XS.jpg&#8221; title_text=&#8221;%22familia activa haciedo deporte en bicicleta%22&#8243; _builder_version=&#8221;4.9.4&#8243; _module_preset=&#8221;default&#8221;][\/et_pb_image][\/et_pb_column][\/et_pb_row][\/et_pb_section][et_pb_section fb_built=&#8221;1&#8243; _builder_version=&#8221;4.4.1&#8243;][et_pb_row column_structure=&#8221;2_5,3_5&#8243; _builder_version=&#8221;4.9.4&#8243; custom_padding=&#8221;0px||||false|false&#8221;][et_pb_column type=&#8221;2_5&#8243; _builder_version=&#8221;4.4.1&#8243;][et_pb_text _builder_version=&#8221;4.9.4&#8243; header_2_font=&#8221;|700||on|||||&#8221; header_3_font=&#8221;|600||on|||||&#8221; background_color=&#8221;#d1e8ff&#8221; custom_padding=&#8221;30px|30px|30px|30px|false|false&#8221;]<\/p>\n<h2>Good to know!<\/h2>\n<h3>Market<\/h3>\n<p><strong>Tuesday and Saturday<\/strong> mornings in the town center of La Tranche-sur-Mer, all year round<\/p>\n<p><strong>Wednesday morning<\/strong> at La Gri\u00e8re on the Parking de la Gri\u00e8re, in July-August<\/p>\n<p><strong>Sunday morning<\/strong> at La Terri\u00e8re, rue du Commerce, in July-August<\/p>\n<p>[\/et_pb_text][et_pb_text _builder_version=&#8221;4.9.4&#8243; text_text_color=&#8221;#000000&#8243; background_enable_color=&#8221;off&#8221; text_orientation=&#8221;center&#8221; custom_margin=&#8221;||2px|||&#8221; custom_padding=&#8221;15px|30px|15px|30px|false|false&#8221;]<\/p>\n<p><span>Find more informations on the<\/span><a href=\"http:\/\/www.latranchesurmer-tourisme.fr\/\" target=\"_blank\" rel=\"noopener\">Tourist Office of La Tranche-sur-mer<\/a> website<\/p>\n<p>[\/et_pb_text][et_pb_image src=&#8221;https:\/\/hoteldelamer.interfaceweb.fr\/wp-content\/uploads\/sites\/64\/2021\/06\/logo-la-tranche-sur-mer-en-vendee.png&#8221; title_text=&#8221;logo-la-tranche-sur-mer-en-vendee&#8221; url=&#8221;http:\/\/www.latranchesurmer-tourisme.fr\/&#8221; url_new_window=&#8221;on&#8221; align=&#8221;center&#8221; _builder_version=&#8221;4.9.4&#8243; _module_preset=&#8221;default&#8221;][\/et_pb_image][\/et_pb_column][et_pb_column type=&#8221;3_5&#8243; _builder_version=&#8221;4.4.1&#8243;][et_pb_text _builder_version=&#8221;4.9.4&#8243; text_font_size=&#8221;16px&#8221; background_enable_color=&#8221;off&#8221; custom_padding=&#8221;|||20px|false|false&#8221; border_width_left=&#8221;4px&#8221; border_color_left=&#8221;#0C71C3&#8243;]<\/p>\n<p><strong>La Tranche sur Mer propose many acivities and hobbies<\/strong><\/p>\n<p>[\/et_pb_text][et_pb_text ul_position=&#8221;inside&#8221; _builder_version=&#8221;4.9.4&#8243;]<\/p>\n<ul>\n<li>A petanqe with a reserved area<\/li>\n<li>The wooden all with a covered bowling alley<\/li>\n<li>Skateboarding with an outdoor skate park<\/li>\n<li>Windsurfing and surfing from Anse de l&#8217;Aiguillon to the junction with Longevilles, several spots are favorable to a diversified practice of these activities (pier), G\u00e9n\u00e9relles, Phare, and more for surfing, ocean front beaches.<\/li>\n<li>Tennis with an indoor court and three outdoor courts<\/li>\n<li>Aviation with an aerodrome offering overflights of the islands and first flights<\/li>\n<li>Two multi-sport halls<\/li>\n<li>The station also has :<br \/>Two discotheques, walking paths, 18 km of secure cycle paths, thematic routes (bird circuits, religious heritage or \u201cbeaches\u201d circuits), 440 hectares of forest.<\/li>\n<\/ul>\n<p>[\/et_pb_text][\/et_pb_column][\/et_pb_row][\/et_pb_section]<\/p>\n","protected":false},"excerpt":{"rendered":"<p>Welcome to Vend\u00e9e La tranche sur Mer Is the Ideal city for a successful HolidaySeaside resort on the C\u00f4te de Lumi\u00e8re, opposite the Ile de R\u00e9, La Tranche-sur-Mer offers 13 km of fine sandy beaches. It has been awarded the European Blue Flag every year since 2002. An aquatic center 5 surfs spots allowing beginners [&hellip;]<\/p>\n","protected":false},"author":1,"featured_media":0,"parent":0,"menu_order":0,"comment_status":"closed","ping_status":"closed","template":"","meta":{"_acf_changed":false,"_et_pb_use_builder":"on","_et_pb_old_content":"","_et_gb_content_width":"","footnotes":""},"class_list":["post-1128","page","type-page","status-publish","hentry"],"acf":[],"_links":{"self":[{"href":"https:\/\/www.hoteldelamer-fr.com\/en\/wp-json\/wp\/v2\/pages\/1128","targetHints":{"allow":["GET"]}}],"collection":[{"href":"https:\/\/www.hoteldelamer-fr.com\/en\/wp-json\/wp\/v2\/pages"}],"about":[{"href":"https:\/\/www.hoteldelamer-fr.com\/en\/wp-json\/wp\/v2\/types\/page"}],"author":[{"embeddable":true,"href":"https:\/\/www.hoteldelamer-fr.com\/en\/wp-json\/wp\/v2\/users\/1"}],"replies":[{"embeddable":true,"href":"https:\/\/www.hoteldelamer-fr.com\/en\/wp-json\/wp\/v2\/comments?post=1128"}],"version-history":[{"count":0,"href":"https:\/\/www.hoteldelamer-fr.com\/en\/wp-json\/wp\/v2\/pages\/1128\/revisions"}],"wp:attachment":[{"href":"https:\/\/www.hoteldelamer-fr.com\/en\/wp-json\/wp\/v2\/media?parent=1128"}],"curies":[{"name":"wp","href":"https:\/\/api.w.org\/{rel}","templated":true}]}}